{"id":4707,"date":"2024-02-21T17:43:37","date_gmt":"2024-02-21T17:43:37","guid":{"rendered":"http:\/\/screamingfrog.club\/politica-de-privacidad\/"},"modified":"2024-07-08T06:54:21","modified_gmt":"2024-07-08T06:54:21","slug":"politica-de-privacidad","status":"publish","type":"page","link":"https:\/\/screamingfrog.club\/es\/politica-de-privacidad\/","title":{"rendered":"Pol\u00edtica de privacidad"},"content":{"rendered":"<div class=\"fusion-fullwidth fullwidth-box fusion-builder-row-1 fusion-flex-container nonhundred-percent-fullwidth non-hundred-percent-height-scrolling\" style=\"--awb-border-radius-top-left:0px;--awb-border-radius-top-right:0px;--awb-border-radius-bottom-right:0px;--awb-border-radius-bottom-left:0px;--awb-flex-wrap:wrap;\" ><div class=\"fusion-builder-row fusion-row fusion-flex-align-items-flex-start fusion-flex-content-wrap\" style=\"max-width:1248px;margin-left: calc(-4% \/ 2 );margin-right: calc(-4% \/ 2 );\"><div class=\"fusion-layout-column fusion_builder_column fusion-builder-column-0 fusion_builder_column_1_1 1_1 fusion-flex-column\" style=\"--awb-bg-blend:overlay;--awb-bg-size:cover;--awb-width-large:100%;--awb-margin-top-large:0px;--awb-spacing-right-large:1.92%;--awb-margin-bottom-large:0px;--awb-spacing-left-large:1.92%;--awb-width-medium:100%;--awb-spacing-right-medium:1.92%;--awb-spacing-left-medium:1.92%;--awb-width-small:100%;--awb-spacing-right-small:1.92%;--awb-spacing-left-small:1.92%;\"><div class=\"fusion-column-wrapper fusion-flex-justify-content-flex-start fusion-content-layout-column\"><div class=\"fusion-title title fusion-title-1 fusion-title-center fusion-title-text fusion-title-size-three\" style=\"--awb-text-color:#141617;--awb-margin-top:20px;--awb-margin-bottom:20px;--awb-sep-color:var(--awb-color6);--awb-font-size:40px;\"><div class=\"title-sep-container title-sep-container-left\"><div class=\"title-sep sep-single sep-solid\" style=\"border-color:var(--awb-color6);\"><\/div><\/div><span class=\"awb-title-spacer\"><\/span><h3 class=\"fusion-title-heading title-heading-center awb-gradient-text fusion-responsive-typography-calculated\" style=\"font-family:&quot;Work Sans&quot;;font-style:normal;font-weight:800;margin:0;letter-spacing:-0.012em;text-transform:var(--awb-typography1-text-transform);background-color:#f79501;background-image:linear-gradient(150deg, #f79501 20%,#fe6996 100%);font-size:1em;--fontSize:40;line-height:1;\">Pol\u00edtica de privacidad<\/h3><span class=\"awb-title-spacer\"><\/span><div class=\"title-sep-container title-sep-container-right\"><div class=\"title-sep sep-single sep-solid\" style=\"border-color:var(--awb-color6);\"><\/div><\/div><\/div><div class=\"fusion-text fusion-text-1\"><p><strong>Pol\u00edtica de privacidad sobre el tratamiento de datos personales de conformidad con los art\u00edculos 13 y 14 del Reglamento UE 2016\/679<\/strong><\/p>\n<p>El objetivo de esta pol\u00edtica de privacidad es proporcionar detalles sobre el tratamiento de datos personales realizado por Raffaele Visintin a trav\u00e9s del sitio web<a href=\"https:\/\/www.screamingfrog.club\/\" target=\"_new\" rel=\"noopener\">\u00abhttps:\/\/www.screamingfrog.club\u00bb<\/a> y cuando el interesado se ponga en contacto con nosotros, tal y como se especifica en los siguientes art\u00edculos.<\/p>\n<p><strong>IDENTIDAD<\/strong><\/p>\n<p>Raffaele Visintin es el titular del dominio screamingfrog.club con c\u00f3digo fiscal VSNRFL77L04E098D (en adelante, el \u00abTitular\u00bb) de los visitantes y usuarios que navegan y utilizan los servicios disponibles en el sitio (en adelante, los \u00abUsuarios\u00bb). La siguiente es la pol\u00edtica de privacidad conforme al Art. 13 del Reglamento UE 2016\/679 de 27 de abril de 2016 (en adelante, \u00abReglamento\u00bb o \u00abLegislaci\u00f3n Aplicable\u00bb).<\/p>\n<p><strong>CONTACTOS<\/strong><\/p>\n<p>Los usuarios pueden ponerse en contacto con el Responsable del Tratamiento:<\/p>\n<ul>\n<li>por correo electr\u00f3nico: <a target=\"_new\" rel=\"noopener\">raffaele.visintin@gmail.com<\/a><\/li>\n<\/ul>\n<p><strong>FINALIDAD DEL TRATAMIENTO<\/strong><\/p>\n<p>Los usuarios pueden ponerse en contacto con el Responsable del Tratamiento por correo electr\u00f3nico o a trav\u00e9s de los contactos proporcionados en el Sitio. En relaci\u00f3n con esta actividad, el Responsable del Tratamiento recopila datos personales de los Usuarios.<\/p>\n<p>El Sitio y sus servicios est\u00e1n destinados exclusivamente a personas mayores de dieciocho a\u00f1os. Por lo tanto, el Responsable del Tratamiento no recopila datos personales de personas menores de 18 a\u00f1os. A petici\u00f3n de los Usuarios, el Responsable del Tratamiento eliminar\u00e1 sin demora todos los datos personales recogidos involuntariamente relativos a personas menores de 18 a\u00f1os.<\/p>\n<p>En particular, los datos personales de los Usuarios ser\u00e1n tratados leg\u00edtimamente para los siguientes fines:<\/p>\n<ul>\n<li>Tratamiento de las solicitudes de los Usuarios: los datos personales son recogidos y tratados por el Responsable con el \u00fanico fin de responder a las solicitudes de los Usuarios. Los datos recogidos incluyen nombre, apellidos, direcci\u00f3n de correo electr\u00f3nico, n\u00famero de tel\u00e9fono, empresa, direcci\u00f3n de correo electr\u00f3nico de la empresa y otros datos que los Usuarios puedan facilitar voluntariamente. Estos datos tambi\u00e9n se utilizan para el seguimiento t\u00e9cnico con el fin de garantizar el servicio. El Responsable no realiza ning\u00fan otro tratamiento de los datos personales de los Usuarios. En ning\u00fan caso el Responsable har\u00e1 accesibles a otros Usuarios los datos personales de los Usuarios y\/o de terceros.<\/li>\n<li>Cumplimiento de obligaciones legales: el tratamiento se lleva a cabo para cumplir obligaciones establecidas por ley, por una autoridad, por un reglamento o por la legislaci\u00f3n europea.<\/li>\n<\/ul>\n<p>El suministro de datos personales para los fines de procesamiento mencionados es opcional pero necesario. La omisi\u00f3n de los datos impedir\u00e1 a los Usuarios realizar sus solicitudes al Responsable del Tratamiento.<\/p>\n<p><strong>FUNDAMENTO JUR\u00cdDICO<\/strong><\/p>\n<ul>\n<li>Tratamiento de las solicitudes de los usuarios: la base jur\u00eddica es el Art. 6(1)(b) del Reglamento, que establece que el tratamiento es necesario para la ejecuci\u00f3n de un contrato en el que el Usuario es parte o para la ejecuci\u00f3n de medidas precontractuales adoptadas a petici\u00f3n del Usuario.<\/li>\n<li>Obligaciones legales: la base legal es el Art. 6(1)(c) del Reglamento, ya que el tratamiento es necesario para el cumplimiento de una obligaci\u00f3n legal a la que est\u00e1 sujeto el responsable del tratamiento.<\/li>\n<\/ul>\n<p>Para otros fines de tratamiento, como el marketing, la base jur\u00eddica es el Art. 6(1)(a) del Reglamento, que requiere el consentimiento del interesado para el tratamiento de sus datos personales con fines espec\u00edficos.<\/p>\n<p><strong>M\u00c9TODOS DE TRATAMIENTO Y PLAZOS DE CONSERVACI\u00d3N DE LOS DATOS<\/strong><\/p>\n<p>Los datos personales de los usuarios se tratar\u00e1n por medios manuales e inform\u00e1ticos, garantizando la seguridad y confidencialidad.<\/p>\n<p>Los datos se conservar\u00e1n durante el tiempo necesario para cumplir las finalidades del tratamiento descritas anteriormente o hasta que el Usuario revoque el consentimiento. Se respetan los periodos de conservaci\u00f3n prescritos por la ley o los reglamentos.<\/p>\n<p><strong>DERECHOS DE LAS PARTES INTERESADAS<\/strong><\/p>\n<p>Los usuarios tienen derecho a:<\/p>\n<ul>\n<li>Retirar el consentimiento en cualquier momento.<\/li>\n<li>Acceder a tus datos personales.<\/li>\n<li>Solicitar la portabilidad de los datos, la limitaci\u00f3n del tratamiento, la rectificaci\u00f3n y la supresi\u00f3n.<\/li>\n<li>Oponerte al tratamiento de tus datos personales.<\/li>\n<li>Reclama a la autoridad de control competente.<\/li>\n<\/ul>\n<p><strong>NOTAS LEGALES<\/strong><\/p>\n<p>El sitio<a href=\"https:\/\/www.screamingfrog.club\/\" target=\"_new\" rel=\"noopener\">\u00abhttps:\/\/www.screamingfrog.club\/<\/a>\u00bb no es un peri\u00f3dico y no puede considerarse un producto editorial en el sentido de la Ley n\u00ba 62 de 7.03.2001.<\/p>\n<p>La informaci\u00f3n del sitio puede no ser exacta y el Propietario se reserva el derecho a cambiar, actualizar o eliminar el contenido sin previo aviso.<\/p>\n<p>El Propietario no se hace responsable de los comentarios inapropiados y se reserva el derecho a eliminarlos. Algunas im\u00e1genes son propiedad de Screaming Frog LTD y est\u00e1n bajo licencia Creative Commons.<\/p>\n<p><strong>LICENCIA DE USO<\/strong><\/p>\n<p>A menos que se indique lo contrario, los contenidos de este sitio est\u00e1n bajo una licencia Creative Commons de Atribuci\u00f3n No Comercial. Se permite la reproducci\u00f3n del contenido previa solicitud por escrito a <a target=\"_new\" rel=\"noopener\">raffaele.visintin@gmail.com.<\/a><\/p>\n<ul>\n<li>Atribuci\u00f3n: debes citar la fuente, proporcionar un enlace a la licencia e indicar si se han realizado cambios.<\/li>\n<li>No comercial: El material no puede utilizarse con fines comerciales.<\/li>\n<\/ul>\n<\/div><\/div><\/div><\/div><\/div>\n","protected":false},"excerpt":{"rendered":"","protected":false},"author":1,"featured_media":0,"parent":0,"menu_order":0,"comment_status":"closed","ping_status":"open","template":"","meta":{"_acf_changed":false,"footnotes":""},"class_list":["post-4707","page","type-page","status-publish","hentry"],"acf":[],"yoast_head":"<!-- This site is optimized with the Yoast SEO plugin v27.2 - https:\/\/yoast.com\/product\/yoast-seo-wordpress\/ -->\n<title>Pol\u00edtica de privacidad - Screaming Frog Club<\/title>\n<meta name=\"robots\" content=\"noindex, nofollow\" \/>\n<meta property=\"og:locale\" content=\"es_ES\" \/>\n<meta property=\"og:type\" content=\"article\" \/>\n<meta property=\"og:title\" content=\"Pol\u00edtica de privacidad - Screaming Frog Club\" \/>\n<meta property=\"og:url\" content=\"https:\/\/screamingfrog.club\/es\/politica-de-privacidad\/\" \/>\n<meta property=\"og:site_name\" content=\"Screaming Frog Club\" \/>\n<meta property=\"article:modified_time\" content=\"2024-07-08T06:54:21+00:00\" \/>\n<meta name=\"twitter:card\" content=\"summary_large_image\" \/>\n<meta name=\"twitter:label1\" content=\"Tiempo de lectura\" \/>\n\t<meta name=\"twitter:data1\" content=\"6 minutos\" \/>\n<script type=\"application\/ld+json\" class=\"yoast-schema-graph\">{\"@context\":\"https:\/\/schema.org\",\"@graph\":[{\"@type\":\"WebPage\",\"@id\":\"https:\/\/screamingfrog.club\/es\/politica-de-privacidad\/\",\"url\":\"https:\/\/screamingfrog.club\/es\/politica-de-privacidad\/\",\"name\":\"Pol\u00edtica de privacidad - Screaming Frog Club\",\"isPartOf\":{\"@id\":\"https:\/\/screamingfrog.club\/es\/#website\"},\"datePublished\":\"2024-02-21T17:43:37+00:00\",\"dateModified\":\"2024-07-08T06:54:21+00:00\",\"breadcrumb\":{\"@id\":\"https:\/\/screamingfrog.club\/es\/politica-de-privacidad\/#breadcrumb\"},\"inLanguage\":\"es\",\"potentialAction\":[{\"@type\":\"ReadAction\",\"target\":[\"https:\/\/screamingfrog.club\/es\/politica-de-privacidad\/\"]}]},{\"@type\":\"BreadcrumbList\",\"@id\":\"https:\/\/screamingfrog.club\/es\/politica-de-privacidad\/#breadcrumb\",\"itemListElement\":[{\"@type\":\"ListItem\",\"position\":1,\"name\":\"Home\",\"item\":\"https:\/\/screamingfrog.club\/es\/\"},{\"@type\":\"ListItem\",\"position\":2,\"name\":\"Pol\u00edtica de privacidad\"}]},{\"@type\":\"WebSite\",\"@id\":\"https:\/\/screamingfrog.club\/es\/#website\",\"url\":\"https:\/\/screamingfrog.club\/es\/\",\"name\":\"Screaming Frog Club\",\"description\":\"Guide e Tutorial sul Seo SPider\",\"publisher\":{\"@id\":\"https:\/\/screamingfrog.club\/es\/#organization\"},\"potentialAction\":[{\"@type\":\"SearchAction\",\"target\":{\"@type\":\"EntryPoint\",\"urlTemplate\":\"https:\/\/screamingfrog.club\/es\/?s={search_term_string}\"},\"query-input\":{\"@type\":\"PropertyValueSpecification\",\"valueRequired\":true,\"valueName\":\"search_term_string\"}}],\"inLanguage\":\"es\"},{\"@type\":\"Organization\",\"@id\":\"https:\/\/screamingfrog.club\/es\/#organization\",\"name\":\"Screaming Frog Club\",\"url\":\"https:\/\/screamingfrog.club\/es\/\",\"logo\":{\"@type\":\"ImageObject\",\"inLanguage\":\"es\",\"@id\":\"https:\/\/screamingfrog.club\/es\/#\/schema\/logo\/image\/\",\"url\":\"http:\/\/screamingfrog.club\/wp-content\/uploads\/2024\/02\/SF_Club_Logo-2.png\",\"contentUrl\":\"http:\/\/screamingfrog.club\/wp-content\/uploads\/2024\/02\/SF_Club_Logo-2.png\",\"width\":117,\"height\":67,\"caption\":\"Screaming Frog Club\"},\"image\":{\"@id\":\"https:\/\/screamingfrog.club\/es\/#\/schema\/logo\/image\/\"}}]}<\/script>\n<!-- \/ Yoast SEO plugin. -->","yoast_head_json":{"title":"Pol\u00edtica de privacidad - Screaming Frog Club","robots":{"index":"noindex","follow":"nofollow"},"og_locale":"es_ES","og_type":"article","og_title":"Pol\u00edtica de privacidad - Screaming Frog Club","og_url":"https:\/\/screamingfrog.club\/es\/politica-de-privacidad\/","og_site_name":"Screaming Frog Club","article_modified_time":"2024-07-08T06:54:21+00:00","twitter_card":"summary_large_image","twitter_misc":{"Tiempo de lectura":"6 minutos"},"schema":{"@context":"https:\/\/schema.org","@graph":[{"@type":"WebPage","@id":"https:\/\/screamingfrog.club\/es\/politica-de-privacidad\/","url":"https:\/\/screamingfrog.club\/es\/politica-de-privacidad\/","name":"Pol\u00edtica de privacidad - Screaming Frog Club","isPartOf":{"@id":"https:\/\/screamingfrog.club\/es\/#website"},"datePublished":"2024-02-21T17:43:37+00:00","dateModified":"2024-07-08T06:54:21+00:00","breadcrumb":{"@id":"https:\/\/screamingfrog.club\/es\/politica-de-privacidad\/#breadcrumb"},"inLanguage":"es","potentialAction":[{"@type":"ReadAction","target":["https:\/\/screamingfrog.club\/es\/politica-de-privacidad\/"]}]},{"@type":"BreadcrumbList","@id":"https:\/\/screamingfrog.club\/es\/politica-de-privacidad\/#breadcrumb","itemListElement":[{"@type":"ListItem","position":1,"name":"Home","item":"https:\/\/screamingfrog.club\/es\/"},{"@type":"ListItem","position":2,"name":"Pol\u00edtica de privacidad"}]},{"@type":"WebSite","@id":"https:\/\/screamingfrog.club\/es\/#website","url":"https:\/\/screamingfrog.club\/es\/","name":"Screaming Frog Club","description":"Guide e Tutorial sul Seo SPider","publisher":{"@id":"https:\/\/screamingfrog.club\/es\/#organization"},"potentialAction":[{"@type":"SearchAction","target":{"@type":"EntryPoint","urlTemplate":"https:\/\/screamingfrog.club\/es\/?s={search_term_string}"},"query-input":{"@type":"PropertyValueSpecification","valueRequired":true,"valueName":"search_term_string"}}],"inLanguage":"es"},{"@type":"Organization","@id":"https:\/\/screamingfrog.club\/es\/#organization","name":"Screaming Frog Club","url":"https:\/\/screamingfrog.club\/es\/","logo":{"@type":"ImageObject","inLanguage":"es","@id":"https:\/\/screamingfrog.club\/es\/#\/schema\/logo\/image\/","url":"http:\/\/screamingfrog.club\/wp-content\/uploads\/2024\/02\/SF_Club_Logo-2.png","contentUrl":"http:\/\/screamingfrog.club\/wp-content\/uploads\/2024\/02\/SF_Club_Logo-2.png","width":117,"height":67,"caption":"Screaming Frog Club"},"image":{"@id":"https:\/\/screamingfrog.club\/es\/#\/schema\/logo\/image\/"}}]}},"_links":{"self":[{"href":"https:\/\/screamingfrog.club\/es\/wp-json\/wp\/v2\/pages\/4707","targetHints":{"allow":["GET"]}}],"collection":[{"href":"https:\/\/screamingfrog.club\/es\/wp-json\/wp\/v2\/pages"}],"about":[{"href":"https:\/\/screamingfrog.club\/es\/wp-json\/wp\/v2\/types\/page"}],"author":[{"embeddable":true,"href":"https:\/\/screamingfrog.club\/es\/wp-json\/wp\/v2\/users\/1"}],"replies":[{"embeddable":true,"href":"https:\/\/screamingfrog.club\/es\/wp-json\/wp\/v2\/comments?post=4707"}],"version-history":[{"count":0,"href":"https:\/\/screamingfrog.club\/es\/wp-json\/wp\/v2\/pages\/4707\/revisions"}],"wp:attachment":[{"href":"https:\/\/screamingfrog.club\/es\/wp-json\/wp\/v2\/media?parent=4707"}],"curies":[{"name":"wp","href":"https:\/\/api.w.org\/{rel}","templated":true}]}}