{"id":3947,"date":"2024-02-21T17:43:37","date_gmt":"2024-02-21T17:43:37","guid":{"rendered":"http:\/\/screamingfrog.club\/politique-de-confidentialite\/"},"modified":"2024-07-05T07:25:14","modified_gmt":"2024-07-05T07:25:14","slug":"politique-de-confidentialite","status":"publish","type":"page","link":"https:\/\/screamingfrog.club\/fr\/politique-de-confidentialite\/","title":{"rendered":"Politique de confidentialit\u00e9"},"content":{"rendered":"<div class=\"fusion-fullwidth fullwidth-box fusion-builder-row-1 fusion-flex-container nonhundred-percent-fullwidth non-hundred-percent-height-scrolling\" style=\"--awb-border-radius-top-left:0px;--awb-border-radius-top-right:0px;--awb-border-radius-bottom-right:0px;--awb-border-radius-bottom-left:0px;--awb-flex-wrap:wrap;\" ><div class=\"fusion-builder-row fusion-row fusion-flex-align-items-flex-start fusion-flex-content-wrap\" style=\"max-width:1248px;margin-left: calc(-4% \/ 2 );margin-right: calc(-4% \/ 2 );\"><div class=\"fusion-layout-column fusion_builder_column fusion-builder-column-0 fusion_builder_column_1_1 1_1 fusion-flex-column\" style=\"--awb-bg-blend:overlay;--awb-bg-size:cover;--awb-width-large:100%;--awb-margin-top-large:0px;--awb-spacing-right-large:1.92%;--awb-margin-bottom-large:0px;--awb-spacing-left-large:1.92%;--awb-width-medium:100%;--awb-spacing-right-medium:1.92%;--awb-spacing-left-medium:1.92%;--awb-width-small:100%;--awb-spacing-right-small:1.92%;--awb-spacing-left-small:1.92%;\"><div class=\"fusion-column-wrapper fusion-flex-justify-content-flex-start fusion-content-layout-column\"><div class=\"fusion-title title fusion-title-1 fusion-title-center fusion-title-text fusion-title-size-three\" style=\"--awb-text-color:#141617;--awb-margin-top:20px;--awb-margin-bottom:20px;--awb-sep-color:var(--awb-color6);--awb-font-size:40px;\"><div class=\"title-sep-container title-sep-container-left\"><div class=\"title-sep sep-single sep-solid\" style=\"border-color:var(--awb-color6);\"><\/div><\/div><span class=\"awb-title-spacer\"><\/span><h3 class=\"fusion-title-heading title-heading-center awb-gradient-text fusion-responsive-typography-calculated\" style=\"font-family:&quot;Work Sans&quot;;font-style:normal;font-weight:800;margin:0;letter-spacing:-0.012em;text-transform:var(--awb-typography1-text-transform);background-color:#f79501;background-image:linear-gradient(150deg, #f79501 20%,#fe6996 100%);font-size:1em;--fontSize:40;line-height:1;\">Politique de confidentialit\u00e9<\/h3><span class=\"awb-title-spacer\"><\/span><div class=\"title-sep-container title-sep-container-right\"><div class=\"title-sep sep-single sep-solid\" style=\"border-color:var(--awb-color6);\"><\/div><\/div><\/div><div class=\"fusion-text fusion-text-1\"><p><strong>Politique de confidentialit\u00e9 sur le traitement des donn\u00e9es \u00e0 caract\u00e8re personnel conform\u00e9ment aux articles 13 et 14 du r\u00e8glement (UE) 2016\/679<\/strong><\/p>\n<p>L&rsquo;objectif de cette politique de confidentialit\u00e9 est de fournir des d\u00e9tails sur le traitement des donn\u00e9es personnelles effectu\u00e9 par Raffaele Visintin \u00e0 travers le site web<a href=\"https:\/\/www.screamingfrog.club\/\" target=\"_new\" rel=\"noopener\">\u00ab\u00a0https:\/\/www.screamingfrog.club\u00a0\u00bb<\/a> et lorsque la personne concern\u00e9e nous contacte, comme sp\u00e9cifi\u00e9 dans les articles suivants.<\/p>\n<p><strong>IDENTIT\u00c9<\/strong><\/p>\n<p>Raffaele Visintin est le propri\u00e9taire du domaine screamingfrog.club avec le code fiscal VSNRFL77L04E098D (ci-apr\u00e8s d\u00e9nomm\u00e9 \u00ab\u00a0Propri\u00e9taire\u00a0\u00bb) des visiteurs et des utilisateurs qui naviguent et utilisent les services disponibles sur le site (ci-apr\u00e8s d\u00e9nomm\u00e9s \u00ab\u00a0Utilisateurs\u00a0\u00bb). Vous trouverez ci-dessous la politique de protection de la vie priv\u00e9e conform\u00e9ment \u00e0 l&rsquo;art. 13 du r\u00e8glement (UE) 2016\/679 du 27 avril 2016 (ci-apr\u00e8s \u00ab\u00a0r\u00e8glement\u00a0\u00bb ou \u00ab\u00a0l\u00e9gislation applicable\u00a0\u00bb).<\/p>\n<p><strong>CONTACTS<\/strong><\/p>\n<p>Les utilisateurs peuvent contacter le contr\u00f4leur :<\/p>\n<ul>\n<li>par courrier \u00e9lectronique : <a target=\"_new\" rel=\"noopener\">raffaele.visintin@gmail.com<\/a><\/li>\n<\/ul>\n<p><strong>FINALIT\u00c9 DU TRAITEMENT<\/strong><\/p>\n<p>Les utilisateurs peuvent contacter le contr\u00f4leur par courrier \u00e9lectronique ou par l&rsquo;interm\u00e9diaire des contacts fournis sur le site. Dans le cadre de cette activit\u00e9, le contr\u00f4leur recueille les donn\u00e9es personnelles des utilisateurs.<\/p>\n<p>Le site et ses services sont destin\u00e9s exclusivement aux personnes \u00e2g\u00e9es d&rsquo;au moins dix-huit ans. Par cons\u00e9quent, le contr\u00f4leur ne collecte pas de donn\u00e9es personnelles aupr\u00e8s de personnes \u00e2g\u00e9es de moins de 18 ans. \u00c0 la demande des utilisateurs, le contr\u00f4leur supprimera rapidement toutes les donn\u00e9es personnelles collect\u00e9es involontairement concernant des personnes \u00e2g\u00e9es de moins de 18 ans.<\/p>\n<p>En particulier, les donn\u00e9es \u00e0 caract\u00e8re personnel des utilisateurs seront trait\u00e9es l\u00e9gitimement aux fins suivantes :<\/p>\n<ul>\n<li>Traitement des demandes des utilisateurs : les donn\u00e9es personnelles sont collect\u00e9es et trait\u00e9es par le contr\u00f4leur dans le seul but de r\u00e9pondre aux demandes des utilisateurs. Les donn\u00e9es collect\u00e9es comprennent le pr\u00e9nom, le nom, l&rsquo;adresse \u00e9lectronique, le num\u00e9ro de t\u00e9l\u00e9phone, l&rsquo;entreprise, l&rsquo;adresse \u00e9lectronique de l&rsquo;entreprise et d&rsquo;autres donn\u00e9es que les utilisateurs peuvent fournir volontairement. Ces donn\u00e9es sont \u00e9galement utilis\u00e9es pour le suivi technique afin de garantir le service. Aucun autre traitement n&rsquo;est effectu\u00e9 par le contr\u00f4leur en ce qui concerne les donn\u00e9es personnelles des utilisateurs. En aucun cas le responsable du traitement ne rendra les donn\u00e9es personnelles des utilisateurs et\/ou des tiers accessibles \u00e0 d&rsquo;autres utilisateurs.<\/li>\n<li>Respect des obligations l\u00e9gales : le traitement est effectu\u00e9 afin de respecter les obligations pr\u00e9vues par la loi, par une autorit\u00e9, par un r\u00e8glement ou par la l\u00e9gislation europ\u00e9enne.<\/li>\n<\/ul>\n<p>La fourniture de donn\u00e9es \u00e0 caract\u00e8re personnel aux fins de traitement susmentionn\u00e9es est facultative mais n\u00e9cessaire. L&rsquo;absence de donn\u00e9es emp\u00eachera les utilisateurs de pr\u00e9senter leurs demandes au contr\u00f4leur.<\/p>\n<p><strong>BASE JURIDIQUE<\/strong><\/p>\n<ul>\n<li>Traitement des demandes des utilisateurs : la base juridique est l&rsquo;art. 6.1.b) du r\u00e8glement qui pr\u00e9voit que le traitement est n\u00e9cessaire \u00e0 l&rsquo;ex\u00e9cution d&rsquo;un contrat auquel l&rsquo;utilisateur est partie ou \u00e0 l&rsquo;ex\u00e9cution de mesures pr\u00e9contractuelles prises \u00e0 la demande de l&rsquo;utilisateur.<\/li>\n<li>Obligations l\u00e9gales : la base juridique est l&rsquo;art. 6.1.c) du r\u00e8glement, puisque le traitement est n\u00e9cessaire au respect d&rsquo;une obligation l\u00e9gale \u00e0 laquelle le responsable du traitement est soumis.<\/li>\n<\/ul>\n<p>Pour d&rsquo;autres objectifs de traitement, tels que le marketing, la base juridique est l&rsquo;art. 6, paragraphe 1, point a), du r\u00e8glement, qui exige le consentement de la personne concern\u00e9e pour le traitement de ses donn\u00e9es \u00e0 caract\u00e8re personnel \u00e0 des fins sp\u00e9cifiques.<\/p>\n<p><strong>LES M\u00c9THODES DE TRAITEMENT ET LES P\u00c9RIODES DE CONSERVATION DES DONN\u00c9ES<\/strong><\/p>\n<p>Les donn\u00e9es personnelles des utilisateurs seront trait\u00e9es par des moyens manuels et informatiques, garantissant la s\u00e9curit\u00e9 et la confidentialit\u00e9.<\/p>\n<p>Les donn\u00e9es seront conserv\u00e9es pendant la dur\u00e9e n\u00e9cessaire \u00e0 la r\u00e9alisation des objectifs de traitement d\u00e9crits ci-dessus ou jusqu&rsquo;\u00e0 ce que l&rsquo;utilisateur r\u00e9voque son consentement. Les d\u00e9lais de conservation prescrits par la loi ou les r\u00e8glements sont respect\u00e9s.<\/p>\n<p><strong>DROITS DES PARTIES INT\u00c9RESS\u00c9ES<\/strong><\/p>\n<p>Les utilisateurs ont le droit de :<\/p>\n<ul>\n<li>Retirer son consentement \u00e0 tout moment.<\/li>\n<li>Acc\u00e9der \u00e0 vos donn\u00e9es personnelles.<\/li>\n<li>Demander la portabilit\u00e9 des donn\u00e9es, la limitation du traitement, la rectification et l&rsquo;effacement.<\/li>\n<li>S&rsquo;opposer au traitement de ses donn\u00e9es personnelles.<\/li>\n<li>D\u00e9posez une plainte aupr\u00e8s de l&rsquo;autorit\u00e9 de contr\u00f4le comp\u00e9tente.<\/li>\n<\/ul>\n<p><strong>NOTES JURIDIQUES<\/strong><\/p>\n<p>Le site<a href=\"https:\/\/www.screamingfrog.club\/\" target=\"_new\" rel=\"noopener\">\u00ab\u00a0https:\/\/www.screamingfrog.club\/\u00a0\u00bb<\/a> n&rsquo;est pas un journal et ne peut \u00eatre consid\u00e9r\u00e9 comme un produit \u00e9ditorial au sens de la loi n\u00b0 62 du 7.03.2001.<\/p>\n<p>Les informations figurant sur le site peuvent ne pas \u00eatre exactes et le propri\u00e9taire se r\u00e9serve le droit de modifier, d&rsquo;actualiser ou de supprimer le contenu sans pr\u00e9avis.<\/p>\n<p>Le propri\u00e9taire n&rsquo;est pas responsable des commentaires inappropri\u00e9s et se r\u00e9serve le droit de les supprimer. Certaines images sont la propri\u00e9t\u00e9 de Screaming Frog LTD et sont plac\u00e9es sous une licence Creative Commons.<\/p>\n<p><strong>LICENCE D&rsquo;UTILISATION<\/strong><\/p>\n<p>Sauf indication contraire, le contenu de ce site est soumis \u00e0 une licence Creative Commons Attribution Noncommercial. La reproduction du contenu est autoris\u00e9e sur demande \u00e9crite adress\u00e9e \u00e0 <a target=\"_new\" rel=\"noopener\">raffaele.visintin@gmail.com<\/a>.<\/p>\n<ul>\n<li>Attribution : vous devez citer la source, fournir un lien vers la licence et indiquer si des modifications ont \u00e9t\u00e9 apport\u00e9es.<\/li>\n<li>Non commercial : le mat\u00e9riel ne peut \u00eatre utilis\u00e9 \u00e0 des fins commerciales.<\/li>\n<\/ul>\n<\/div><\/div><\/div><\/div><\/div>\n","protected":false},"excerpt":{"rendered":"","protected":false},"author":1,"featured_media":0,"parent":0,"menu_order":0,"comment_status":"closed","ping_status":"open","template":"","meta":{"_acf_changed":false,"footnotes":""},"class_list":["post-3947","page","type-page","status-publish","hentry"],"acf":[],"yoast_head":"<!-- This site is optimized with the Yoast SEO plugin v27.2 - https:\/\/yoast.com\/product\/yoast-seo-wordpress\/ -->\n<title>Politique de confidentialit\u00e9 - Screaming Frog Club<\/title>\n<meta name=\"robots\" content=\"noindex, nofollow\" \/>\n<meta property=\"og:locale\" content=\"fr_FR\" \/>\n<meta property=\"og:type\" content=\"article\" \/>\n<meta property=\"og:title\" content=\"Politique de confidentialit\u00e9 - Screaming Frog Club\" \/>\n<meta property=\"og:url\" content=\"https:\/\/screamingfrog.club\/fr\/politique-de-confidentialite\/\" \/>\n<meta property=\"og:site_name\" content=\"Screaming Frog Club\" \/>\n<meta property=\"article:modified_time\" content=\"2024-07-05T07:25:14+00:00\" \/>\n<meta name=\"twitter:card\" content=\"summary_large_image\" \/>\n<meta name=\"twitter:label1\" content=\"Dur\u00e9e de lecture estim\u00e9e\" \/>\n\t<meta name=\"twitter:data1\" content=\"6 minutes\" \/>\n<script type=\"application\/ld+json\" class=\"yoast-schema-graph\">{\"@context\":\"https:\/\/schema.org\",\"@graph\":[{\"@type\":\"WebPage\",\"@id\":\"https:\/\/screamingfrog.club\/fr\/politique-de-confidentialite\/\",\"url\":\"https:\/\/screamingfrog.club\/fr\/politique-de-confidentialite\/\",\"name\":\"Politique de confidentialit\u00e9 - Screaming Frog Club\",\"isPartOf\":{\"@id\":\"https:\/\/screamingfrog.club\/fr\/#website\"},\"datePublished\":\"2024-02-21T17:43:37+00:00\",\"dateModified\":\"2024-07-05T07:25:14+00:00\",\"breadcrumb\":{\"@id\":\"https:\/\/screamingfrog.club\/fr\/politique-de-confidentialite\/#breadcrumb\"},\"inLanguage\":\"fr-FR\",\"potentialAction\":[{\"@type\":\"ReadAction\",\"target\":[\"https:\/\/screamingfrog.club\/fr\/politique-de-confidentialite\/\"]}]},{\"@type\":\"BreadcrumbList\",\"@id\":\"https:\/\/screamingfrog.club\/fr\/politique-de-confidentialite\/#breadcrumb\",\"itemListElement\":[{\"@type\":\"ListItem\",\"position\":1,\"name\":\"Home\",\"item\":\"https:\/\/screamingfrog.club\/fr\/\"},{\"@type\":\"ListItem\",\"position\":2,\"name\":\"Politique de confidentialit\u00e9\"}]},{\"@type\":\"WebSite\",\"@id\":\"https:\/\/screamingfrog.club\/fr\/#website\",\"url\":\"https:\/\/screamingfrog.club\/fr\/\",\"name\":\"Screaming Frog Club\",\"description\":\"Guide e Tutorial sul Seo SPider\",\"publisher\":{\"@id\":\"https:\/\/screamingfrog.club\/fr\/#organization\"},\"potentialAction\":[{\"@type\":\"SearchAction\",\"target\":{\"@type\":\"EntryPoint\",\"urlTemplate\":\"https:\/\/screamingfrog.club\/fr\/?s={search_term_string}\"},\"query-input\":{\"@type\":\"PropertyValueSpecification\",\"valueRequired\":true,\"valueName\":\"search_term_string\"}}],\"inLanguage\":\"fr-FR\"},{\"@type\":\"Organization\",\"@id\":\"https:\/\/screamingfrog.club\/fr\/#organization\",\"name\":\"Screaming Frog Club\",\"url\":\"https:\/\/screamingfrog.club\/fr\/\",\"logo\":{\"@type\":\"ImageObject\",\"inLanguage\":\"fr-FR\",\"@id\":\"https:\/\/screamingfrog.club\/fr\/#\/schema\/logo\/image\/\",\"url\":\"http:\/\/screamingfrog.club\/wp-content\/uploads\/2024\/02\/SF_Club_Logo-2.png\",\"contentUrl\":\"http:\/\/screamingfrog.club\/wp-content\/uploads\/2024\/02\/SF_Club_Logo-2.png\",\"width\":117,\"height\":67,\"caption\":\"Screaming Frog Club\"},\"image\":{\"@id\":\"https:\/\/screamingfrog.club\/fr\/#\/schema\/logo\/image\/\"}}]}<\/script>\n<!-- \/ Yoast SEO plugin. -->","yoast_head_json":{"title":"Politique de confidentialit\u00e9 - Screaming Frog Club","robots":{"index":"noindex","follow":"nofollow"},"og_locale":"fr_FR","og_type":"article","og_title":"Politique de confidentialit\u00e9 - Screaming Frog Club","og_url":"https:\/\/screamingfrog.club\/fr\/politique-de-confidentialite\/","og_site_name":"Screaming Frog Club","article_modified_time":"2024-07-05T07:25:14+00:00","twitter_card":"summary_large_image","twitter_misc":{"Dur\u00e9e de lecture estim\u00e9e":"6 minutes"},"schema":{"@context":"https:\/\/schema.org","@graph":[{"@type":"WebPage","@id":"https:\/\/screamingfrog.club\/fr\/politique-de-confidentialite\/","url":"https:\/\/screamingfrog.club\/fr\/politique-de-confidentialite\/","name":"Politique de confidentialit\u00e9 - Screaming Frog Club","isPartOf":{"@id":"https:\/\/screamingfrog.club\/fr\/#website"},"datePublished":"2024-02-21T17:43:37+00:00","dateModified":"2024-07-05T07:25:14+00:00","breadcrumb":{"@id":"https:\/\/screamingfrog.club\/fr\/politique-de-confidentialite\/#breadcrumb"},"inLanguage":"fr-FR","potentialAction":[{"@type":"ReadAction","target":["https:\/\/screamingfrog.club\/fr\/politique-de-confidentialite\/"]}]},{"@type":"BreadcrumbList","@id":"https:\/\/screamingfrog.club\/fr\/politique-de-confidentialite\/#breadcrumb","itemListElement":[{"@type":"ListItem","position":1,"name":"Home","item":"https:\/\/screamingfrog.club\/fr\/"},{"@type":"ListItem","position":2,"name":"Politique de confidentialit\u00e9"}]},{"@type":"WebSite","@id":"https:\/\/screamingfrog.club\/fr\/#website","url":"https:\/\/screamingfrog.club\/fr\/","name":"Screaming Frog Club","description":"Guide e Tutorial sul Seo SPider","publisher":{"@id":"https:\/\/screamingfrog.club\/fr\/#organization"},"potentialAction":[{"@type":"SearchAction","target":{"@type":"EntryPoint","urlTemplate":"https:\/\/screamingfrog.club\/fr\/?s={search_term_string}"},"query-input":{"@type":"PropertyValueSpecification","valueRequired":true,"valueName":"search_term_string"}}],"inLanguage":"fr-FR"},{"@type":"Organization","@id":"https:\/\/screamingfrog.club\/fr\/#organization","name":"Screaming Frog Club","url":"https:\/\/screamingfrog.club\/fr\/","logo":{"@type":"ImageObject","inLanguage":"fr-FR","@id":"https:\/\/screamingfrog.club\/fr\/#\/schema\/logo\/image\/","url":"http:\/\/screamingfrog.club\/wp-content\/uploads\/2024\/02\/SF_Club_Logo-2.png","contentUrl":"http:\/\/screamingfrog.club\/wp-content\/uploads\/2024\/02\/SF_Club_Logo-2.png","width":117,"height":67,"caption":"Screaming Frog Club"},"image":{"@id":"https:\/\/screamingfrog.club\/fr\/#\/schema\/logo\/image\/"}}]}},"_links":{"self":[{"href":"https:\/\/screamingfrog.club\/fr\/wp-json\/wp\/v2\/pages\/3947","targetHints":{"allow":["GET"]}}],"collection":[{"href":"https:\/\/screamingfrog.club\/fr\/wp-json\/wp\/v2\/pages"}],"about":[{"href":"https:\/\/screamingfrog.club\/fr\/wp-json\/wp\/v2\/types\/page"}],"author":[{"embeddable":true,"href":"https:\/\/screamingfrog.club\/fr\/wp-json\/wp\/v2\/users\/1"}],"replies":[{"embeddable":true,"href":"https:\/\/screamingfrog.club\/fr\/wp-json\/wp\/v2\/comments?post=3947"}],"version-history":[{"count":0,"href":"https:\/\/screamingfrog.club\/fr\/wp-json\/wp\/v2\/pages\/3947\/revisions"}],"wp:attachment":[{"href":"https:\/\/screamingfrog.club\/fr\/wp-json\/wp\/v2\/media?parent=3947"}],"curies":[{"name":"wp","href":"https:\/\/api.w.org\/{rel}","templated":true}]}}